{"id":33,"date":"2026-04-22T10:30:50","date_gmt":"2026-04-22T10:30:50","guid":{"rendered":"https:\/\/fussballcamp.tsvneuhaus.de\/?page_id=33"},"modified":"2026-04-22T10:30:50","modified_gmt":"2026-04-22T10:30:50","slug":"anmeldung-maedchen-fussballcamp","status":"publish","type":"page","link":"https:\/\/fussballcamp.tsvneuhaus.de\/?page_id=33","title":{"rendered":"Anmeldung M\u00e4dchen-Fu\u00dfballcamp"},"content":{"rendered":"\n<div class=\"wp-block-contact-form-7-contact-form-selector\">\n<div class=\"wpcf7 no-js\" id=\"wpcf7-f32-o1\" lang=\"de-DE\" dir=\"ltr\" data-wpcf7-id=\"32\">\n<div class=\"screen-reader-response\"><p role=\"status\" aria-live=\"polite\" aria-atomic=\"true\"><\/p> <ul><\/ul><\/div>\n<form action=\"\/index.php?rest_route=%2Fwp%2Fv2%2Fpages%2F33#wpcf7-f32-o1\" method=\"post\" class=\"wpcf7-form init\" aria-label=\"Kontaktformular\" novalidate=\"novalidate\" data-status=\"init\">\n<fieldset class=\"hidden-fields-container\"><input type=\"hidden\" name=\"_wpcf7\" value=\"32\" \/><input type=\"hidden\" name=\"_wpcf7_version\" value=\"6.1.5\" \/><input type=\"hidden\" name=\"_wpcf7_locale\" value=\"de_DE\" \/><input type=\"hidden\" name=\"_wpcf7_unit_tag\" value=\"wpcf7-f32-o1\" \/><input type=\"hidden\" name=\"_wpcf7_container_post\" value=\"0\" \/><input type=\"hidden\" name=\"_wpcf7_posted_data_hash\" value=\"\" \/>\n<\/fieldset>\n<h3>\u26bd Anmeldung zum M\u00e4dchen\u2011Fu\u00dfballcamp\n<\/h3>\n<p><em>Bitte f\u00fcllt das Formular vollst\u00e4ndig aus. Die Anmeldung ist verbindlich.<\/em>\n<\/p>\n<p>Hiermit melde ich mich verbindlich zum M\u00e4dchen-Fu\u00dfballcamp des TSV Neuhaus e.V. am 31.07.\u201302.08.2026 an.\n<\/p>\n<p><span id=\"wpcf7-69ed9d36ac7f8-wrapper\" class=\"wpcf7-form-control-wrap honeypot-wrap\" style=\"display:none !important; visibility:hidden !important;\"><label for=\"wpcf7-69ed9d36ac7f8-field\" class=\"hp-message\">Bitte lasse dieses Feld leer.<\/label><input id=\"wpcf7-69ed9d36ac7f8-field\"  class=\"wpcf7-form-control wpcf7-text\" type=\"text\" name=\"honeypot\" value=\"\" size=\"40\" tabindex=\"-1\" autocomplete=\"new-password\" \/><\/span>\n<\/p>\n<div class=\"form-section\">\n\t<h4>\ud83d\udc67 Angaben zu den Teilnehmerinnen\n\t<\/h4>\n\t<p><label>Anzahl teilnehmender Kinder *<\/label><br \/>\n<span class=\"wpcf7-form-control-wrap\" data-name=\"kinderanzahl\"><select class=\"wpcf7-form-control wpcf7-select wpcf7-validates-as-required\" aria-required=\"true\" aria-invalid=\"false\" name=\"kinderanzahl\"><option value=\"1\">1<\/option><option value=\"2\">2<\/option><option value=\"3\">3<\/option><\/select><\/span>\n\t<\/p>\n\t<h4>\ud83d\udc67 Angaben zur 1. Teilnehmerin\n\t<\/h4>\n\t<p><label>Name *<\/label><br \/>\n<span class=\"wpcf7-form-control-wrap\" data-name=\"spielerin-name\"><input size=\"40\" maxlength=\"400\" class=\"wpcf7-form-control wpcf7-text wpcf7-validates-as-required\" aria-required=\"true\" aria-invalid=\"false\" value=\"\" type=\"text\" name=\"spielerin-name\" \/><\/span>\n\t<\/p>\n\t<p><label>Geburtsdatum *<\/label><br \/>\n<span class=\"wpcf7-form-control-wrap\" data-name=\"spielerin-geburtstag\"><input size=\"40\" maxlength=\"400\" class=\"wpcf7-form-control wpcf7-text wpcf7-validates-as-required\" aria-required=\"true\" aria-invalid=\"false\" placeholder=\"TT.MM.JJJJ\" value=\"\" type=\"text\" name=\"spielerin-geburtstag\" \/><\/span>\n\t<\/p>\n\t<p><label>T\u2011Shirt Gr\u00f6\u00dfe *<\/label><br \/>\n<span class=\"wpcf7-form-control-wrap\" data-name=\"tshirt-groesse\"><select class=\"wpcf7-form-control wpcf7-select wpcf7-validates-as-required\" aria-required=\"true\" aria-invalid=\"false\" name=\"tshirt-groesse\"><option value=\"104\">104<\/option><option value=\"110\">110<\/option><option value=\"116\">116<\/option><option value=\"122\">122<\/option><option value=\"128\">128<\/option><option value=\"134\">134<\/option><option value=\"140\">140<\/option><option value=\"146\">146<\/option><option value=\"152\">152<\/option><option value=\"158\">158<\/option><option value=\"164\">164<\/option><option value=\"170\">170<\/option><option value=\"176\">176<\/option><option value=\"XS\">XS<\/option><option value=\"S\">S<\/option><option value=\"M\">M<\/option><option value=\"L\">L<\/option><option value=\"XL\">XL<\/option><\/select><\/span>\n\t<\/p>\n\t<p><label>Vereinsmitglied <\/label><br \/>\n<span class=\"wpcf7-form-control-wrap\" data-name=\"vereinsmitglied1\"><span class=\"wpcf7-form-control wpcf7-checkbox\"><span class=\"wpcf7-list-item first last\"><input type=\"checkbox\" name=\"vereinsmitglied1[]\" value=\"Ja\" \/><span class=\"wpcf7-list-item-label\">Ja<\/span><\/span><\/span><\/span>\n\t<\/p>\n<\/div>\n\n<!-- ========================= -->\n<!-- Kind 2 -->\n<!-- ========================= -->\n<div class=\"form-section kind kind2\">\n\t<p><em>Bitte beachten Sie: Bei Auswahl von 2 oder 3 Kindern m\u00fcssen die entsprechenden Teilnehmerinnen vollst\u00e4ndig angegeben werden.<\/em>\n\t<\/p>\n\t<h4>\ud83d\udc67 Angaben zur 2. Teilnehmerin\n\t<\/h4>\n\t<p><label>Name *<\/label><br \/>\n<span class=\"wpcf7-form-control-wrap\" data-name=\"kind2-name\"><input size=\"40\" maxlength=\"400\" class=\"wpcf7-form-control wpcf7-text\" aria-invalid=\"false\" value=\"\" type=\"text\" name=\"kind2-name\" \/><\/span>\n\t<\/p>\n\t<p><label>Geburtsdatum *<\/label><br \/>\n<span class=\"wpcf7-form-control-wrap\" data-name=\"kind2-geburtstag\"><input size=\"40\" maxlength=\"400\" class=\"wpcf7-form-control wpcf7-text\" aria-invalid=\"false\" placeholder=\"TT.MM.JJJJ\" value=\"\" type=\"text\" name=\"kind2-geburtstag\" \/><\/span>\n\t<\/p>\n\t<p><label>T\u2011Shirt Gr\u00f6\u00dfe *<\/label><br \/>\n<span class=\"wpcf7-form-control-wrap\" data-name=\"kind2-shirt\"><select class=\"wpcf7-form-control wpcf7-select\" aria-invalid=\"false\" name=\"kind2-shirt\"><option value=\"104\">104<\/option><option value=\"110\">110<\/option><option value=\"116\">116<\/option><option value=\"122\">122<\/option><option value=\"128\">128<\/option><option value=\"134\">134<\/option><option value=\"140\">140<\/option><option value=\"146\">146<\/option><option value=\"152\">152<\/option><option value=\"158\">158<\/option><option value=\"164\">164<\/option><option value=\"170\">170<\/option><option value=\"176\">176<\/option><option value=\"XS\">XS<\/option><option value=\"S\">S<\/option><option value=\"M\">M<\/option><option value=\"L\">L<\/option><option value=\"XL\">XL<\/option><\/select><\/span>\n\t<\/p>\n\t<p><label>Vereinsmitglied <\/label><br \/>\n<span class=\"wpcf7-form-control-wrap\" data-name=\"vereinsmitglied2\"><span class=\"wpcf7-form-control wpcf7-checkbox\"><span class=\"wpcf7-list-item first last\"><input type=\"checkbox\" name=\"vereinsmitglied2[]\" value=\"Ja\" \/><span class=\"wpcf7-list-item-label\">Ja<\/span><\/span><\/span><\/span>\n\t<\/p>\n<\/div>\n\n<!-- ========================= -->\n<!-- Kind 3 -->\n<!-- ========================= -->\n<div class=\"form-section kind kind3\">\n\t<h4>\ud83d\udc67 Angaben zur 3. Teilnehmerin\n\t<\/h4>\n\t<p><label>Name *<\/label><br \/>\n<span class=\"wpcf7-form-control-wrap\" data-name=\"kind3-name\"><input size=\"40\" maxlength=\"400\" class=\"wpcf7-form-control wpcf7-text\" aria-invalid=\"false\" value=\"\" type=\"text\" name=\"kind3-name\" \/><\/span>\n\t<\/p>\n\t<p><label>Geburtsdatum *<\/label><br \/>\n<span class=\"wpcf7-form-control-wrap\" data-name=\"kind3-geburtstag\"><input size=\"40\" maxlength=\"400\" class=\"wpcf7-form-control wpcf7-text\" aria-invalid=\"false\" placeholder=\"TT.MM.JJJJ\" value=\"\" type=\"text\" name=\"kind3-geburtstag\" \/><\/span>\n\t<\/p>\n\t<p><label>T\u2011Shirt Gr\u00f6\u00dfe *<\/label><br \/>\n<span class=\"wpcf7-form-control-wrap\" data-name=\"kind3-shirt\"><select class=\"wpcf7-form-control wpcf7-select\" aria-invalid=\"false\" name=\"kind3-shirt\"><option value=\"104\">104<\/option><option value=\"110\">110<\/option><option value=\"116\">116<\/option><option value=\"122\">122<\/option><option value=\"128\">128<\/option><option value=\"134\">134<\/option><option value=\"140\">140<\/option><option value=\"146\">146<\/option><option value=\"152\">152<\/option><option value=\"158\">158<\/option><option value=\"164\">164<\/option><option value=\"170\">170<\/option><option value=\"176\">176<\/option><option value=\"XS\">XS<\/option><option value=\"S\">S<\/option><option value=\"M\">M<\/option><option value=\"L\">L<\/option><option value=\"XL\">XL<\/option><\/select><\/span>\n\t<\/p>\n\t<p><label>Vereinsmitglied <\/label><br \/>\n<span class=\"wpcf7-form-control-wrap\" data-name=\"vereinsmitglied3\"><span class=\"wpcf7-form-control wpcf7-checkbox\"><span class=\"wpcf7-list-item first last\"><input type=\"checkbox\" name=\"vereinsmitglied3[]\" value=\"Ja\" \/><span class=\"wpcf7-list-item-label\">Ja<\/span><\/span><\/span><\/span>\n\t<\/p>\n<\/div>\n<div class=\"form-section\">\n\t<h4>\ud83d\udc68\u200d\ud83d\udc69\u200d\ud83d\udc67 Kontaktdaten Erziehungsberechtigte*r\n\t<\/h4>\n\t<p><label>Name *<\/label><br \/>\n<span class=\"wpcf7-form-control-wrap\" data-name=\"eltern-name\"><input size=\"40\" maxlength=\"400\" class=\"wpcf7-form-control wpcf7-text wpcf7-validates-as-required\" aria-required=\"true\" aria-invalid=\"false\" value=\"\" type=\"text\" name=\"eltern-name\" \/><\/span>\n\t<\/p>\n\t<p><label>E\u2011Mail *<\/label><br \/>\n<span class=\"wpcf7-form-control-wrap\" data-name=\"eltern-email\"><input size=\"40\" maxlength=\"400\" class=\"wpcf7-form-control wpcf7-email wpcf7-validates-as-required wpcf7-text wpcf7-validates-as-email\" aria-required=\"true\" aria-invalid=\"false\" value=\"\" type=\"email\" name=\"eltern-email\" \/><\/span>\n\t<\/p>\n\t<p><label>Telefon *<\/label><br \/>\n<span class=\"wpcf7-form-control-wrap\" data-name=\"eltern-telefon\"><input size=\"40\" maxlength=\"400\" class=\"wpcf7-form-control wpcf7-tel wpcf7-validates-as-required wpcf7-text wpcf7-validates-as-tel\" aria-required=\"true\" aria-invalid=\"false\" value=\"\" type=\"tel\" name=\"eltern-telefon\" \/><\/span>\n\t<\/p>\n<\/div>\n<div class=\"form-section\">\n\t<h4>\u2139\ufe0f Weitere Angaben\n\t<\/h4>\n\t<p><label>Besondere Hinweise (Allergien, Medikamente etc.)*<\/label><br \/>\n<span class=\"wpcf7-form-control-wrap\" data-name=\"besondere-hinweise\"><textarea cols=\"40\" rows=\"10\" maxlength=\"2000\" class=\"wpcf7-form-control wpcf7-textarea wpcf7-validates-as-required\" aria-required=\"true\" aria-invalid=\"false\" name=\"besondere-hinweise\"><\/textarea><\/span>\n\t<\/p>\n<\/div>\n<div class=\"form-section\">\n\t<h4>\ud83d\udcf8 Foto- und Videoerlaubnis\n\t<\/h4>\n\t<p style=\"font-size:14px;\"><br \/>\nW\u00e4hrend des Fu\u00dfballcamps k\u00f6nnen Fotos und Videos erstellt werden, die ggf.<br \/>\nauf der Vereinswebsite, in sozialen Medien oder in Printmedien des Vereins<br \/>\nver\u00f6ffentlicht werden.\n\t<\/p>\n\t<h4>\u2705 Einverst\u00e4ndnis & Datenschutz\n\t<\/h4>\n\t<p>Ich habe die<br \/>\n<a href=\"https:\/\/tsvneuhaus.de\/datenschutzerklaerung\/\" target=\"_blank\" rel=\"noopener\"><br \/>\nDatenschutzbestimmungen<br \/>\n<\/a><br \/>\ngelesen und stimme ihnen zu.<br \/>\n<span class=\"wpcf7-form-control-wrap\" data-name=\"datenschutz\"><span class=\"wpcf7-form-control wpcf7-checkbox wpcf7-validates-as-required\"><span class=\"wpcf7-list-item first last\"><input type=\"checkbox\" name=\"datenschutz[]\" value=\"Datenschutz und Foto-\/Videoerlaubnis gelesen\" \/><span class=\"wpcf7-list-item-label\">Datenschutz und Foto-\/Videoerlaubnis gelesen<\/span><\/span><\/span><\/span>\n\t<\/p>\n<\/div>\n<div class=\"form-section\">\n\t<h4>\u2705 Best\u00e4tigung\n\t<\/h4>\n\t<p style=\"font-size:14px;\"><br \/>\nMit der Abgabe dieser Anmeldung melde ich mein Kind verbindlich zum M\u00e4dchen\u2011Fu\u00dfballcamp<br \/>\ndes TSV Neuhaus vom 31.07.2026 \u2013 02.08.2026 an. *\n\t<\/p>\n\t<p><span class=\"wpcf7-form-control-wrap\" data-name=\"check\"><span class=\"wpcf7-form-control wpcf7-checkbox wpcf7-validates-as-required\"><span class=\"wpcf7-list-item first last\"><input type=\"checkbox\" name=\"check[]\" value=\"Best\u00e4tigung\" \/><span class=\"wpcf7-list-item-label\">Best\u00e4tigung<\/span><\/span><\/span><\/span>\n\t<\/p>\n<\/div>\n<p style=\"font-size:14px;\"><br \/>\nAlle Angaben werden vertraulich behandelt und ausschlie\u00dflich zur Camporganisation verwendet.\n<\/p>\n<input class=\"wpcf7-form-control wpcf7-hidden\" id=\"gesamtbetrag_hidden\" value=\"\" type=\"hidden\" name=\"gesamtbetrag\" \/>\n<p><strong>\ud83d\udcb6 Gesamtbetrag: <span id=\"gesamtbetrag-live\">\u2013<\/span><\/strong>\n<\/p>\n<p><input class=\"wpcf7-form-control wpcf7-submit has-spinner\" type=\"submit\" value=\"Jetzt verbindlich anmelden \u26bd\" \/>\n<\/p><div class=\"wpcf7-response-output\" aria-hidden=\"true\"><\/div>\n<\/form>\n<\/div>\n<\/div>\n","protected":false},"excerpt":{"rendered":"","protected":false},"author":1,"featured_media":0,"parent":0,"menu_order":0,"comment_status":"closed","ping_status":"closed","template":"","meta":{"footnotes":""},"class_list":["post-33","page","type-page","status-publish","hentry"],"_links":{"self":[{"href":"https:\/\/fussballcamp.tsvneuhaus.de\/index.php?rest_route=\/wp\/v2\/pages\/33","targetHints":{"allow":["GET"]}}],"collection":[{"href":"https:\/\/fussballcamp.tsvneuhaus.de\/index.php?rest_route=\/wp\/v2\/pages"}],"about":[{"href":"https:\/\/fussballcamp.tsvneuhaus.de\/index.php?rest_route=\/wp\/v2\/types\/page"}],"author":[{"embeddable":true,"href":"https:\/\/fussballcamp.tsvneuhaus.de\/index.php?rest_route=\/wp\/v2\/users\/1"}],"replies":[{"embeddable":true,"href":"https:\/\/fussballcamp.tsvneuhaus.de\/index.php?rest_route=%2Fwp%2Fv2%2Fcomments&post=33"}],"version-history":[{"count":1,"href":"https:\/\/fussballcamp.tsvneuhaus.de\/index.php?rest_route=\/wp\/v2\/pages\/33\/revisions"}],"predecessor-version":[{"id":34,"href":"https:\/\/fussballcamp.tsvneuhaus.de\/index.php?rest_route=\/wp\/v2\/pages\/33\/revisions\/34"}],"wp:attachment":[{"href":"https:\/\/fussballcamp.tsvneuhaus.de\/index.php?rest_route=%2Fwp%2Fv2%2Fmedia&parent=33"}],"curies":[{"name":"wp","href":"https:\/\/api.w.org\/{rel}","templated":true}]}}